{"id":540,"date":"2022-07-13T11:31:06","date_gmt":"2022-07-13T11:31:06","guid":{"rendered":"https:\/\/demo.divi-pixel.com\/hosting\/?page_id=540"},"modified":"2024-05-29T20:47:47","modified_gmt":"2024-05-29T20:47:47","slug":"nosotros","status":"publish","type":"page","link":"https:\/\/imedical.com.mx\/index.php\/nosotros\/","title":{"rendered":"Nosotros"},"content":{"rendered":"<p>[et_pb_section fb_built=&#8221;1&#8243; next_background_color=&#8221;#ffffff&#8221; _builder_version=&#8221;4.17.3&#8243; _module_preset=&#8221;default&#8221; background_color=&#8221;#EAF7F9&#8243; custom_padding=&#8221;94px||150px||false|false&#8221; bottom_divider_style=&#8221;slant&#8221; bottom_divider_height=&#8221;70px&#8221; locked=&#8221;off&#8221; global_colors_info=&#8221;{}&#8221;][et_pb_row _builder_version=&#8221;4.17.3&#8243; _module_preset=&#8221;default&#8221; width_tablet=&#8221;&#8221; width_phone=&#8221;85%&#8221; width_last_edited=&#8221;on|phone&#8221; global_colors_info=&#8221;{}&#8221;][et_pb_column type=&#8221;4_4&#8243; _builder_version=&#8221;4.17.3&#8243; _module_preset=&#8221;default&#8221; global_colors_info=&#8221;{}&#8221;][dipi_text_highlighter text_highlighter_text=&#8221;Nosotros&#8221; highlight_shape=&#8221;zigzag&#8221; text_wrapper_tag=&#8221;h1&#8243; stroke_color=&#8221;#38B2BF&#8221; stroke_width=&#8221;14px&#8221; _builder_version=&#8221;4.25.1&#8243; _module_preset=&#8221;default&#8221; all_text_font=&#8221;|700|||||||&#8221; all_text_text_align=&#8221;center&#8221; all_text_text_color=&#8221;#333333&#8243; all_text_font_size=&#8221;64px&#8221; custom_margin=&#8221;||||false|false&#8221; all_text_font_size_tablet=&#8221;50px&#8221; all_text_font_size_phone=&#8221;30px&#8221; all_text_font_size_last_edited=&#8221;on|phone&#8221; custom_css_main_element=&#8221;margin-bottom: 15px !important;&#8221; global_colors_info=&#8221;{}&#8221;][\/dipi_text_highlighter][dipi_breadcrumbs bc_separator_icon=&#8221;&#x35;||divi||400&#8243; bc_items_alignment=&#8221;dipi-bc-center&#8221; bc_schema=&#8221;off&#8221; bc_separator_color=&#8221;RGBA(56,178,191,0.7)&#8221; _builder_version=&#8221;4.17.3&#8243; _module_preset=&#8221;default&#8221; items_font=&#8221;Poppins||||||||&#8221; items_text_color=&#8221;rgba(56,178,191,0.7)&#8221; hover_font=&#8221;Poppins||||||||&#8221; hover_text_color=&#8221;#277D86&#8243; active_font=&#8221;Poppins||||||||&#8221; active_text_color=&#8221;#277D86&#8243; global_colors_info=&#8221;{}&#8221;][\/dipi_breadcrumbs][\/et_pb_column][\/et_pb_row][\/et_pb_section][et_pb_section fb_built=&#8221;1&#8243; _builder_version=&#8221;4.25.1&#8243; _module_preset=&#8221;default&#8221; background_enable_pattern_style=&#8221;on&#8221; background_pattern_style=&#8221;crosses&#8221; background_pattern_color=&#8221;rgba(56,178,191,0.17)&#8221; global_colors_info=&#8221;{}&#8221;][et_pb_row column_structure=&#8221;1_2,1_2&#8243; make_equal=&#8221;on&#8221; _builder_version=&#8221;4.25.1&#8243; _module_preset=&#8221;default&#8221; background_color=&#8221;#FFFFFF&#8221; width=&#8221;90%&#8221; custom_margin=&#8221;||30px||false|true&#8221; custom_padding=&#8221;|22px||22px|false|true&#8221; global_colors_info=&#8221;{}&#8221;][et_pb_column type=&#8221;1_2&#8243; _builder_version=&#8221;4.17.3&#8243; _module_preset=&#8221;default&#8221; custom_css_main_element=&#8221;margin: auto;&#8221; global_colors_info=&#8221;{}&#8221;][et_pb_text _builder_version=&#8221;4.25.1&#8243; _module_preset=&#8221;default&#8221; header_2_font=&#8221;|700|||||||&#8221; header_2_text_color=&#8221;#004960&#8243; header_2_font_size=&#8221;40px&#8221; header_2_line_height=&#8221;1.2em&#8221; custom_margin=&#8221;||15px||false|false&#8221; header_2_font_size_tablet=&#8221;40px&#8221; header_2_font_size_phone=&#8221;25px&#8221; header_2_font_size_last_edited=&#8221;on|phone&#8221; locked=&#8221;off&#8221; global_colors_info=&#8221;{}&#8221;]<\/p>\n<h2>En IMEDICAL<\/h2>\n<p>[\/et_pb_text][et_pb_text _builder_version=&#8221;4.25.1&#8243; _module_preset=&#8221;default&#8221; text_text_color=&#8221;#000000&#8243; custom_margin=&#8221;||30px||false|false&#8221; global_colors_info=&#8221;{}&#8221;]<\/p>\n<p>Nos dedicamos a mejorar la calidad de vida de las personas a trav\u00e9s de la innovaci\u00f3n y la excelencia en la distribuci\u00f3n de equipos m\u00e9dicos de alta tecnolog\u00eda. nos hemos consolidado como l\u00edderes en la provisi\u00f3n de soluciones m\u00e9dicas que apoyan tanto a profesionales de la salud como a instituciones m\u00e9dicas en su misi\u00f3n de ofrecer un cuidado \u00f3ptimo a sus pacientes.<\/p>\n<p>[\/et_pb_text][et_pb_text _builder_version=&#8221;4.25.1&#8243; _module_preset=&#8221;default&#8221; text_text_color=&#8221;#000000&#8243; header_text_color=&#8221;#000000&#8243; custom_margin=&#8221;||30px||false|false&#8221; global_colors_info=&#8221;{}&#8221;]<\/p>\n<h2><strong>Nuestra Misi\u00f3n<\/strong><\/h2>\n<p>Nuestra misi\u00f3n es proporcionar equipos m\u00e9dicos de la m\u00e1s alta calidad, que permitan a los profesionales de la salud desempe\u00f1ar su labor con la m\u00e1xima eficiencia y precisi\u00f3n. Nos comprometemos a ofrecer un servicio excepcional, brindando asesoramiento experto y soporte t\u00e9cnico continuo para asegurar el \u00f3ptimo funcionamiento de los equipos.<\/p>\n<h2><strong>Nuestra Visi\u00f3n<\/strong><\/h2>\n<p>Aspiramos a ser la empresa de referencia en la distribuci\u00f3n de equipos m\u00e9dicos en la regi\u00f3n, reconocida por nuestra integridad, innovaci\u00f3n y dedicaci\u00f3n a la excelencia. Nos esforzamos por mantenernos a la vanguardia de la tecnolog\u00eda m\u00e9dica, incorporando las \u00faltimas innovaciones y desarrollos en nuestro portafolio de productos.<\/p>\n<p>[\/et_pb_text][\/et_pb_column][et_pb_column type=&#8221;1_2&#8243; _builder_version=&#8221;4.17.3&#8243; _module_preset=&#8221;default&#8221; custom_css_main_element=&#8221;margin: auto;&#8221; global_colors_info=&#8221;{}&#8221;][et_pb_image src=&#8221;https:\/\/imedical.com.mx\/wp-content\/uploads\/2024\/05\/medical.png&#8221; title_text=&#8221;medical&#8221; _builder_version=&#8221;4.25.1&#8243; _module_preset=&#8221;default&#8221; border_radii=&#8221;on|10px|10px|10px|10px&#8221; global_colors_info=&#8221;{}&#8221;][\/et_pb_image][\/et_pb_column][\/et_pb_row][\/et_pb_section]<\/p>\n","protected":false},"excerpt":{"rendered":"<p><div class=\"et_pb_module dipi_text_highlighter dipi_text_highlighter_0\">\n\t\t\t\t\n\t\t\t\t\n\t\t\t\t\n\t\t\t\t\n\t\t\t\t\n\t\t\t\t\n\t\t\t\t<div class=\"et_pb_module_inner\">\n\t\t\t\t\t<h1 class=\"dipi-highlight-text-wrapper\" data-config=\"{&quot;animation_start&quot;:&quot;in_a_viewport&quot;,&quot;animation_start_viewport&quot;:&quot;75%&quot;,&quot;animation_delay&quot;:&quot;0ms&quot;,&quot;animation_duration&quot;:&quot;800ms&quot;,&quot;delay_after_animation&quot;:&quot;3000ms&quot;,&quot;repeat_mode&quot;:&quot;infinite&quot;,&quot;count_mode&quot;:&quot;everytime_in_viewport&quot;,&quot;animation_repeat_counts&quot;:&quot;3&quot;,&quot;reverse_animation&quot;:&quot;off&quot;,&quot;id&quot;:&quot;dipi_text_highlighter_0_wrapper&quot;}\">\n\t\t\t\t\t<span class=\"dipi-text-highlight-wrapper {&quot;animation_start&quot;:&quot;in_a_viewport&quot;,&quot;animation_start_viewport&quot;:&quot;75%&quot;,&quot;animation_delay&quot;:&quot;0ms&quot;,&quot;animation_duration&quot;:&quot;800ms&quot;,&quot;delay_after_animation&quot;:&quot;3000ms&quot;,&quot;repeat_mode&quot;:&quot;infinite&quot;,&quot;count_mode&quot;:&quot;everytime_in_viewport&quot;,&quot;animation_repeat_counts&quot;:&quot;3&quot;,&quot;reverse_animation&quot;:&quot;off&quot;,&quot;id&quot;:&quot;dipi_text_highlighter_0_wrapper&quot;}\"><span class=\"dipi-text-highlight-text dipi-text-highlight-text\">Nosotros<\/span><span class=\"dipi-text-highlight-svg\"><svg xmlns=\"http:\/\/www.w3.org\/2000\/svg\" viewBox=\"0 0 500 150\" preserveAspectRatio=\"none\"><path class=\"st0\" d=\"M6.7,111.6c0,0,487.1-6.7,488.2,7.4s-441.5-0.3-442.6,12.3c-1.1,12.6,296.4,5.6,309.9,16.6\"><\/path><\/svg><\/span><\/span>\n\t\t\t<\/h1>\n\t\t\t\t<\/div>\n\t\t\t<\/div><div class=\"et_pb_module dipi_breadcrumbs dipi_breadcrumbs_0\">\n\t\t\t\t\n\t\t\t\t\n\t\t\t\t\n\t\t\t\t\n\t\t\t\t\n\t\t\t\t\n\t\t\t\t<div class=\"et_pb_module_inner\">\n\t\t\t\t\t<div class=\"dipi-breadcrumbs dipi-bc-center\">\n                <ul >\n                    \n                                                        <li  class=\"dipi-breadcrumb-item dipi-breadcrumb-home\">\n\n                                                    <a  href=\"https:\/\/imedical.com.mx\">\n                                <span  content=\"Home\">\n                                                                        I Medical                                <\/span>\n                            <\/a>\n\n                                                <meta itemprop=\"position\" content=\"1\"\/>                    <\/li>\n\n                    <li class=\"dipi-breadcrumb-separator\">\n                    <span class=\"et-pb-icon dipi-separator-icon\">&#x35;<\/span>\n                <\/li>                            \n                <\/ul>\n            <\/div>\n\t\t\t\t<\/div>\n\t\t\t<\/div>En IMEDICALNos dedicamos a mejorar la calidad de vida de las personas a trav\u00e9s de la innovaci\u00f3n y la excelencia en la distribuci\u00f3n [&hellip;]<\/p>\n","protected":false},"author":1,"featured_media":0,"parent":0,"menu_order":0,"comment_status":"closed","ping_status":"closed","template":"","meta":{"_et_pb_use_builder":"on","_et_pb_old_content":"","_et_gb_content_width":"","_joinchat":[],"footnotes":""},"dipi_cpt_category":[],"class_list":["post-540","page","type-page","status-publish","hentry"],"_links":{"self":[{"href":"https:\/\/imedical.com.mx\/index.php\/wp-json\/wp\/v2\/pages\/540","targetHints":{"allow":["GET"]}}],"collection":[{"href":"https:\/\/imedical.com.mx\/index.php\/wp-json\/wp\/v2\/pages"}],"about":[{"href":"https:\/\/imedical.com.mx\/index.php\/wp-json\/wp\/v2\/types\/page"}],"author":[{"embeddable":true,"href":"https:\/\/imedical.com.mx\/index.php\/wp-json\/wp\/v2\/users\/1"}],"replies":[{"embeddable":true,"href":"https:\/\/imedical.com.mx\/index.php\/wp-json\/wp\/v2\/comments?post=540"}],"version-history":[{"count":12,"href":"https:\/\/imedical.com.mx\/index.php\/wp-json\/wp\/v2\/pages\/540\/revisions"}],"predecessor-version":[{"id":2744,"href":"https:\/\/imedical.com.mx\/index.php\/wp-json\/wp\/v2\/pages\/540\/revisions\/2744"}],"wp:attachment":[{"href":"https:\/\/imedical.com.mx\/index.php\/wp-json\/wp\/v2\/media?parent=540"}],"wp:term":[{"taxonomy":"dipi_cpt_category","embeddable":true,"href":"https:\/\/imedical.com.mx\/index.php\/wp-json\/wp\/v2\/dipi_cpt_category?post=540"}],"curies":[{"name":"wp","href":"https:\/\/api.w.org\/{rel}","templated":true}]}}